{"id":133,"date":"2024-11-01T20:33:02","date_gmt":"2024-11-01T19:33:02","guid":{"rendered":"http:\/\/penzionzak.cz\/?page_id=133"},"modified":"2024-11-03T19:57:08","modified_gmt":"2024-11-03T18:57:08","slug":"svatby","status":"publish","type":"page","link":"https:\/\/penzionzak.cz\/index.php\/svatby\/","title":{"rendered":"Svatby"},"content":{"rendered":"<p>[et_pb_section fb_built=&#8220;1&#8243; custom_padding_last_edited=&#8220;on|desktop&#8220; admin_label=&#8220;Promo&#8220; _builder_version=&#8220;4.27.2&#8243; use_background_color_gradient=&#8220;on&#8220; background_color_gradient_stops=&#8220;#242e42 29%|rgba(255,255,255,0) 100%&#8220; background_color_gradient_overlays_image=&#8220;on&#8220; background_color_gradient_start=&#8220;#242e42&#8243; background_color_gradient_start_position=&#8220;29%&#8220; background_color_gradient_end=&#8220;rgba(255,255,255,0)&#8220; background_image=&#8220;http:\/\/penzionzak.cz\/wp-content\/uploads\/2024\/10\/IMG_8539.jpg&#8220; background_position=&#8220;bottom_center&#8220; background_vertical_offset=&#8220;31%&#8220; custom_padding=&#8220;100px|||||&#8220; custom_padding_tablet=&#8220;&#8220; custom_padding_phone=&#8220;40px||&#8220; global_colors_info=&#8220;{}&#8220;][et_pb_row _builder_version=&#8220;4.16&#8243; locked=&#8220;off&#8220; global_colors_info=&#8220;{}&#8220;][et_pb_column type=&#8220;4_4&#8243; _builder_version=&#8220;4.16&#8243; custom_padding=&#8220;|||&#8220; global_colors_info=&#8220;{}&#8220; custom_padding__hover=&#8220;|||&#8220;][et_pb_text _builder_version=&#8220;4.27.2&#8243; text_font=&#8220;Lato||||||||&#8220; text_font_size=&#8220;22px&#8220; text_line_height=&#8220;1.8em&#8220; header_font=&#8220;||||||||&#8220; header_2_font=&#8220;PT Serif|700|||||||&#8220; header_2_font_size=&#8220;64px&#8220; header_2_line_height=&#8220;1.2em&#8220; text_orientation=&#8220;center&#8220; background_layout=&#8220;dark&#8220; width=&#8220;700px&#8220; width_tablet=&#8220;600px&#8220; width_phone=&#8220;400px&#8220; width_last_edited=&#8220;on|phone&#8220; module_alignment=&#8220;center&#8220; custom_margin=&#8220;||15px&#8220; text_font_size_tablet=&#8220;&#8220; text_font_size_phone=&#8220;15px&#8220; text_font_size_last_edited=&#8220;on|desktop&#8220; header_2_font_size_tablet=&#8220;44px&#8220; header_2_font_size_phone=&#8220;28px&#8220; header_2_font_size_last_edited=&#8220;on|phone&#8220; locked=&#8220;off&#8220; global_colors_info=&#8220;{}&#8220;]<\/p>\n<h2>Svatby<\/h2>\n<p>[\/et_pb_text][et_pb_text _builder_version=&#8220;4.27.2&#8243; _module_preset=&#8220;default&#8220; text_font=&#8220;Lato||||||||&#8220; text_text_color=&#8220;#FFFFFF&#8220; text_font_size=&#8220;17px&#8220; text_line_height=&#8220;1.8em&#8220; text_orientation=&#8220;center&#8220; text_font_size_tablet=&#8220;17px&#8220; text_font_size_phone=&#8220;15px&#8220; text_font_size_last_edited=&#8220;on|desktop&#8220; global_colors_info=&#8220;{}&#8220;]<\/p>\n<p><span>Svatba by m\u011bla b\u00fdt jedn\u00edm z\u00a0nezapomenuteln\u00fdch dn\u016f na\u0161eho \u017eivota, kter\u00fd nemus\u00edte pro\u017e\u00edt jen tradi\u010dn\u00edm zp\u016fsobem. Hled\u00e1te-li netradi\u010dn\u00ed m\u00edsto pro uspo\u0159\u00e1d\u00e1n\u00ed va\u0161eho jedine\u010dn\u00e9ho slavnostn\u00edho dne, jste u\u00a0n\u00e1s spr\u00e1vn\u011b. Svatebn\u00ed den je pro v\u011bt\u0161inu lid\u00ed velk\u00fd okam\u017eik. Den, o\u00a0kter\u00fd se v\u00e1m r\u00e1di postar\u00e1me.<\/span><\/p>\n<p>[\/et_pb_text][\/et_pb_column][\/et_pb_row][et_pb_row _builder_version=&#8220;4.16&#8243; width=&#8220;100%&#8220; max_width=&#8220;none&#8220; locked=&#8220;off&#8220; global_colors_info=&#8220;{}&#8220;][et_pb_column type=&#8220;4_4&#8243; _builder_version=&#8220;4.16&#8243; custom_padding=&#8220;|||&#8220; global_colors_info=&#8220;{}&#8220; custom_padding__hover=&#8220;|||&#8220;][et_pb_image src=&#8220;http:\/\/penzionzak.cz\/wp-content\/uploads\/2024\/10\/sight-seeing-49.png&#8220; show_bottom_space=&#8220;off&#8220; force_fullwidth=&#8220;on&#8220; _builder_version=&#8220;4.16&#8243; custom_margin=&#8220;||&#8220; global_colors_info=&#8220;{}&#8220;][\/et_pb_image][\/et_pb_column][\/et_pb_row][\/et_pb_section][et_pb_section fb_built=&#8220;1&#8243; admin_label=&#8220;CTA&#8220; _builder_version=&#8220;4.27.2&#8243; use_background_color_gradient=&#8220;on&#8220; background_color_gradient_stops=&#8220;rgba(255,255,255,0.53) 0%|rgba(255,255,255,0.52) 100%&#8220; background_color_gradient_overlays_image=&#8220;on&#8220; background_image=&#8220;http:\/\/penzionzak.cz\/wp-content\/uploads\/2024\/11\/wedding_back-scaled.jpg&#8220; background_size=&#8220;custom&#8220; background_image_width=&#8220;61%&#8220; background_position=&#8220;bottom_left&#8220; background_vertical_offset=&#8220;12%&#8220; z_index=&#8220;10&#8243; custom_margin=&#8220;||-85px||false|false&#8220; custom_padding=&#8220;||0px||false|false&#8220; locked=&#8220;off&#8220; global_colors_info=&#8220;{}&#8220;][et_pb_row _builder_version=&#8220;4.27.2&#8243; background_color=&#8220;#ffffff&#8220; background_image=&#8220;http:\/\/penzionzak.cz\/wp-content\/uploads\/2024\/11\/svatby_zak_pozadi-scaled.jpg&#8220; vertical_offset=&#8220;-349px&#8220; custom_margin=&#8220;-100px|auto||auto||&#8220; custom_padding=&#8220;80px|40px|80px|40px|true|true&#8220; box_shadow_style=&#8220;preset1&#8243; box_shadow_vertical=&#8220;6px&#8220; box_shadow_color=&#8220;rgba(0,0,0,0.44)&#8220; locked=&#8220;off&#8220; global_colors_info=&#8220;{}&#8220;][et_pb_column type=&#8220;4_4&#8243; _builder_version=&#8220;4.16&#8243; custom_padding=&#8220;|||&#8220; global_colors_info=&#8220;{}&#8220; custom_padding__hover=&#8220;|||&#8220;][et_pb_text _builder_version=&#8220;4.27.2&#8243; text_font=&#8220;Lato||||||||&#8220; text_font_size=&#8220;17px&#8220; text_line_height=&#8220;1.8em&#8220; header_font=&#8220;||||||||&#8220; header_2_font=&#8220;PT Serif|700|||||||&#8220; header_2_font_size=&#8220;55px&#8220; header_2_line_height=&#8220;1.2em&#8220; background_color=&#8220;#FFFFFF&#8220; text_orientation=&#8220;center&#8220; width_tablet=&#8220;600px&#8220; width_phone=&#8220;400px&#8220; width_last_edited=&#8220;off|phone&#8220; max_width=&#8220;999px&#8220; max_width_tablet=&#8220;&#8220; max_width_phone=&#8220;&#8220; max_width_last_edited=&#8220;on|desktop&#8220; module_alignment=&#8220;center&#8220; height=&#8220;572px&#8220; custom_margin=&#8220;-31px||15px||false|false&#8220; custom_padding=&#8220;40px|70px||70px|false|true&#8220; text_font_size_tablet=&#8220;&#8220; text_font_size_phone=&#8220;15px&#8220; text_font_size_last_edited=&#8220;on|desktop&#8220; header_2_font_size_tablet=&#8220;44px&#8220; header_2_font_size_phone=&#8220;28px&#8220; header_2_font_size_last_edited=&#8220;on|phone&#8220; locked=&#8220;off&#8220; global_colors_info=&#8220;{}&#8220;]<\/p>\n<h2 style=\"text-align: center;\">Svatby u&nbsp;rybn\u00edka<\/h2>\n<p>&nbsp;<\/p>\n<p><span>Svatba by m\u011bla b\u00fdt jedn\u00edm z\u00a0nezapomenuteln\u00fdch dn\u016f na\u0161eho \u017eivota, kter\u00fd nemus\u00edte pro\u017e\u00edt jen tradi\u010dn\u00edm zp\u016fsobem. Hled\u00e1te-li netradi\u010dn\u00ed m\u00edsto pro uspo\u0159\u00e1d\u00e1n\u00ed va\u0161eho jedine\u010dn\u00e9ho slavnostn\u00edho dne, jste u&nbsp;n\u00e1s spr\u00e1vn\u011b. Svatebn\u00ed den je pro v\u011bt\u0161inu lid\u00ed velk\u00fd okam\u017eik. Den, o&nbsp;kter\u00fd se v\u00e1m r\u00e1di postar\u00e1me.<\/span><\/p>\n<p><span>Nab\u00edz\u00edme v\u00e1m n\u00e1\u0161 rodinn\u00fd penzion s&nbsp;velkou zahradou u&nbsp;rybn\u00edka \u017d\u00e1k. M\u016f\u017eete vyu\u017e\u00edt svatebn\u00ed alt\u00e1n <\/span><span>a zajist\u00edme odd\u00e1vaj\u00edc\u00edho s\u00a0matrik\u00e1\u0159kou. Oplocen\u00e1 zahrada je opravdu rozhlehl\u00e1 a&nbsp;umo\u017e\u0148uje \u00fa\u010dast t\u00e9m\u011b\u0159 neomezen\u00e9mu mno\u017estv\u00ed svateb\u010dan\u016f.<\/span><\/p>\n<p><span> <\/span><br \/><span>D\u00e1le je k\u00a0dispozici zast\u0159e\u0161en\u00e9 posezen\u00ed s&nbsp;grilem, h\u0159i\u0161t\u011b pro d\u011bti s\u00a0p\u00edskovi\u0161t\u011bm a&nbsp;houpa\u010dkami.<\/span><br \/><span>Spolupracujeme s&nbsp;firmou, kter\u00e1 v\u00e1m zajist\u00ed p\u00e1rty stany v\u010detn\u011b cel\u00e9ho vybaven\u00ed, catering. <\/span><br \/><span>V\u00a0zahrad\u011b a&nbsp;v\u00a0okol\u00ed rybn\u00edka je spousta n\u00e1dhern\u00fdch z\u00e1kout\u00ed pro n\u00e1sledn\u00e9 fotografov\u00e1n\u00ed svatby.<\/span><\/p>\n<p>[\/et_pb_text][et_pb_image src=&#8220;http:\/\/penzionzak.cz\/wp-content\/uploads\/2024\/10\/sight-seeing-44.png&#8220; title_text=&#8220;sight-seeing-44&#8243; _builder_version=&#8220;4.27.2&#8243; _module_preset=&#8220;default&#8220; background_image=&#8220;http:\/\/penzionzak.cz\/wp-content\/uploads\/2024\/11\/Svatby-scaled.jpg&#8220; custom_margin=&#8220;-18px||||false|false&#8220; custom_padding=&#8220;0px||||false|false&#8220; global_colors_info=&#8220;{}&#8220;][\/et_pb_image][et_pb_button button_text=&#8220;Galerie&#8220; button_alignment=&#8220;center&#8220; _builder_version=&#8220;4.27.2&#8243; custom_button=&#8220;on&#8220; button_text_size=&#8220;14px&#8220; button_bg_color=&#8220;#bdb76b&#8220; button_border_color=&#8220;rgba(0,0,0,0)&#8220; button_border_radius=&#8220;0px&#8220; button_letter_spacing=&#8220;2px&#8220; button_font=&#8220;Lato|900||on|||||&#8220; button_icon=&#8220;&#x24;||divi||400&#8243; background_layout=&#8220;dark&#8220; custom_margin=&#8220;40px||&#8220; custom_padding=&#8220;16px|30px|16px|30px|true|true&#8220; hover_enabled=&#8220;0&#8243; box_shadow_style=&#8220;preset1&#8243; box_shadow_vertical=&#8220;6px&#8220; box_shadow_color=&#8220;rgba(0,0,0,0.48)&#8220; global_colors_info=&#8220;{}&#8220; button_url=&#8220;@ET-DC@eyJkeW5hbWljIjp0cnVlLCJjb250ZW50IjoicG9zdF9saW5rX3VybF9wYWdlIiwic2V0dGluZ3MiOnsicG9zdF9pZCI6IjI1MSJ9fQ==@&#8220; _dynamic_attributes=&#8220;button_url&#8220; sticky_enabled=&#8220;0&#8243;][\/et_pb_button][\/et_pb_column][\/et_pb_row][\/et_pb_section][et_pb_section fb_built=&#8220;1&#8243; admin_label=&#8220;Footer&#8220; _builder_version=&#8220;4.27.2&#8243; use_background_color_gradient=&#8220;on&#8220; background_color_gradient_stops=&#8220;#ffffff 13%|rgba(36,46,66,0) 100%&#8220; background_color_gradient_overlays_image=&#8220;on&#8220; background_color_gradient_start=&#8220;#ffffff&#8220; background_color_gradient_end=&#8220;rgba(36,46,66,0)&#8220; background_color_gradient_end_position=&#8220;75%&#8220; background_image=&#8220;http:\/\/penzionzak.cz\/wp-content\/uploads\/2024\/10\/penzion.jpg&#8220; custom_padding=&#8220;||15vw||false|false&#8220; locked=&#8220;off&#8220; global_colors_info=&#8220;{}&#8220;][et_pb_row _builder_version=&#8220;4.16&#8243; locked=&#8220;off&#8220; global_colors_info=&#8220;{}&#8220;][et_pb_column type=&#8220;4_4&#8243; _builder_version=&#8220;4.16&#8243; custom_padding=&#8220;|||&#8220; global_colors_info=&#8220;{}&#8220; custom_padding__hover=&#8220;|||&#8220;][et_pb_text _builder_version=&#8220;4.27.2&#8243; text_font=&#8220;||||||||&#8220; header_font=&#8220;||||||||&#8220; header_2_font=&#8220;PT Serif|700|||||||&#8220; header_2_font_size=&#8220;60px&#8220; header_2_line_height=&#8220;1.2em&#8220; text_orientation=&#8220;center&#8220; max_width=&#8220;600px&#8220; module_alignment=&#8220;center&#8220; custom_margin=&#8220;||15px&#8220; header_2_font_size_tablet=&#8220;42px&#8220; header_2_font_size_phone=&#8220;30px&#8220; header_2_font_size_last_edited=&#8220;on|tablet&#8220; locked=&#8220;off&#8220; global_colors_info=&#8220;{}&#8220;]<\/p>\n<h2>Kontaktujte n\u00e1s<\/h2>\n<p>[\/et_pb_text][et_pb_social_media_follow icon_color=&#8220;#2a2a2a&#8220; _builder_version=&#8220;4.27.2&#8243; text_orientation=&#8220;center&#8220; border_radii=&#8220;on|50px|50px|50px|50px&#8220; border_width_all=&#8220;10px&#8220; border_color_all=&#8220;rgba(0,0,0,0)&#8220; global_colors_info=&#8220;{}&#8220; icon_color__hover=&#8220;#000000&#8243;][et_pb_social_media_follow_network social_network=&#8220;facebook&#8220; url=&#8220;https:\/\/www.facebook.com\/rybarskypenzion\/&#8220; icon_color=&#8220;#cd853f&#8220; _builder_version=&#8220;4.27.2&#8243; background_color=&#8220;#ffffff&#8220; global_colors_info=&#8220;{}&#8220; follow_button=&#8220;off&#8220; url_new_window=&#8220;on&#8220;]facebook[\/et_pb_social_media_follow_network][et_pb_social_media_follow_network social_network=&#8220;instagram&#8220; icon_color=&#8220;#cd853f&#8220; _builder_version=&#8220;4.27.2&#8243; background_color=&#8220;#ffffff&#8220; global_colors_info=&#8220;{}&#8220; follow_button=&#8220;off&#8220; url_new_window=&#8220;on&#8220;]instagram[\/et_pb_social_media_follow_network][\/et_pb_social_media_follow][\/et_pb_column][\/et_pb_row][et_pb_row column_structure=&#8220;1_2,1_2&#8243; _builder_version=&#8220;4.27.2&#8243; _module_preset=&#8220;default&#8220; global_colors_info=&#8220;{}&#8220;][et_pb_column type=&#8220;1_2&#8243; _builder_version=&#8220;4.27.2&#8243; _module_preset=&#8220;default&#8220; global_colors_info=&#8220;{}&#8220;][et_pb_image src=&#8220;http:\/\/penzionzak.cz\/wp-content\/uploads\/2024\/10\/penzion_zak_logo.png&#8220; title_text=&#8220;penzion_z\u030ca\u0301k_logo&#8220; _builder_version=&#8220;4.27.2&#8243; _module_preset=&#8220;default&#8220; global_colors_info=&#8220;{}&#8220;][\/et_pb_image][et_pb_text _builder_version=&#8220;4.27.2&#8243; _module_preset=&#8220;default&#8220; text_font=&#8220;PT Serif|700|||||||&#8220; text_font_size=&#8220;20px&#8220; global_colors_info=&#8220;{}&#8220;]<\/p>\n<p><span>Rodinn\u00fd a&nbsp;ryb\u00e1\u0159sk\u00fd <\/span><span>penzion \u017d\u00e1k<\/span><\/p>\n<p>[\/et_pb_text][et_pb_blurb title=&#8220;Osek &#8211; Vystrkov 8 &#8220; use_icon=&#8220;on&#8220; font_icon=&#8220;&#xe081;||divi||400&#8243; icon_color=&#8220;#cd853f&#8220; icon_placement=&#8220;left&#8220; image_icon_width=&#8220;30px&#8220; _builder_version=&#8220;4.27.2&#8243; _module_preset=&#8220;default&#8220; header_font=&#8220;Lato|600|||||||&#8220; body_font=&#8220;Lato|600|||||||&#8220; body_text_color=&#8220;#000000&#8243; body_font_size=&#8220;16px&#8220; global_colors_info=&#8220;{}&#8220;]<\/p>\n<p><span>GPS: 49\u00b049\u201834.015\u201cN, 13\u00b052\u201812.419\u201cE<\/span><\/p>\n<p>[\/et_pb_blurb][et_pb_blurb title=&#8220;Blanka Kotenov\u00e1&#8220; use_icon=&#8220;on&#8220; font_icon=&#8220;&#xf2bd;||fa||900&#8243; icon_color=&#8220;#cd853f&#8220; icon_placement=&#8220;left&#8220; image_icon_width=&#8220;30px&#8220; _builder_version=&#8220;4.27.2&#8243; _module_preset=&#8220;default&#8220; header_font=&#8220;Lato|600|||||||&#8220; body_font=&#8220;Lato|900|||||||&#8220; body_text_color=&#8220;#000000&#8243; body_font_size=&#8220;16px&#8220; custom_margin=&#8220;0px||||false|false&#8220; custom_margin_tablet=&#8220;0px||||false|false&#8220; custom_margin_phone=&#8220;0px||||false|false&#8220; custom_margin_last_edited=&#8220;on|desktop&#8220; custom_padding=&#8220;34px||||false|false&#8220; global_colors_info=&#8220;{}&#8220;]<\/p>\n<p><span>Tel.: +420\u00a0725&nbsp;33&nbsp;83&nbsp;93<\/span><\/p>\n<p><a href=\"mailto:kotenova@rybarskypenzion.cz\" rel=\"external noopener\" target=\"_blank\">kotenova@rybarskypenzion.cz<\/a><\/p>\n<p>[\/et_pb_blurb][et_pb_blurb title=&#8220;V\u00e1clav Koten&#8220; use_icon=&#8220;on&#8220; font_icon=&#8220;&#xf2bd;||fa||900&#8243; icon_color=&#8220;#cd853f&#8220; icon_placement=&#8220;left&#8220; image_icon_width=&#8220;30px&#8220; _builder_version=&#8220;4.27.2&#8243; _module_preset=&#8220;default&#8220; header_font=&#8220;Lato|600|||||||&#8220; body_font=&#8220;Lato|900|||||||&#8220; body_text_color=&#8220;#000000&#8243; body_font_size=&#8220;16px&#8220; global_colors_info=&#8220;{}&#8220;]<\/p>\n<p><span>Tel.: +420\u00a0725&nbsp;33&nbsp;85&nbsp;84<\/span><\/p>\n<p><a href=\"mailto:koten@rybarskypenzion.cz\" rel=\"external noopener\" target=\"_blank\">koten@rybarskypenzion.cz<\/a><\/p>\n<p>[\/et_pb_blurb][\/et_pb_column][et_pb_column type=&#8220;1_2&#8243; _builder_version=&#8220;4.27.2&#8243; _module_preset=&#8220;default&#8220; global_colors_info=&#8220;{}&#8220;][et_pb_code _builder_version=&#8220;4.27.2&#8243; _module_preset=&#8220;default&#8220; border_width_all=&#8220;4px&#8220; global_colors_info=&#8220;{}&#8220;]<iframe src=\"https:\/\/www.google.com\/maps\/embed?pb=!1m14!1m8!1m3!1d20591.07684193724!2d13.871972!3d49.825834!3m2!1i1024!2i768!4f13.1!3m3!1m2!1s0x470b07483983bf41%3A0x8c4497bd533d96c5!2sOsek%208%2C%20267%2062%20Osek!5e0!3m2!1scs!2scz!4v1729185054907!5m2!1scs!2scz\" width=\"600\" height=\"650\" style=\"border:0;\" allowfullscreen=\"\" loading=\"lazy\" referrerpolicy=\"no-referrer-when-downgrade\"><\/iframe>[\/et_pb_code][\/et_pb_column][\/et_pb_row][et_pb_row custom_padding_last_edited=&#8220;on|desktop&#8220; _builder_version=&#8220;4.27.2&#8243; width=&#8220;100%&#8220; max_width=&#8220;none&#8220; custom_margin=&#8220;-27px||0px||false|false&#8220; custom_margin_tablet=&#8220;-27px||0px||false|false&#8220; custom_margin_phone=&#8220;-27px||0px||false|false&#8220; custom_margin_last_edited=&#8220;on|desktop&#8220; custom_padding=&#8220;0px||0px||false|false&#8220; custom_padding_tablet=&#8220;0px||0px||false|false&#8220; custom_padding_phone=&#8220;0px||0px||false|false&#8220; locked=&#8220;off&#8220; global_colors_info=&#8220;{}&#8220;][et_pb_column type=&#8220;4_4&#8243; _builder_version=&#8220;4.16&#8243; custom_padding=&#8220;|||&#8220; global_colors_info=&#8220;{}&#8220; custom_padding__hover=&#8220;|||&#8220;][et_pb_image src=&#8220;http:\/\/penzionzak.cz\/wp-content\/uploads\/2024\/10\/sight-seeing-49.png&#8220; show_bottom_space=&#8220;off&#8220; force_fullwidth=&#8220;on&#8220; _builder_version=&#8220;4.16&#8243; custom_margin=&#8220;||&#8220; global_colors_info=&#8220;{}&#8220;][\/et_pb_image][\/et_pb_column][\/et_pb_row][\/et_pb_section][et_pb_section fb_built=&#8220;1&#8243; _builder_version=&#8220;4.27.2&#8243; _module_preset=&#8220;default&#8220; custom_margin=&#8220;-17px||-4px||false|false&#8220; custom_margin_tablet=&#8220;-17px||-4px||false|false&#8220; custom_margin_phone=&#8220;-17px||-4px||false|false&#8220; custom_margin_last_edited=&#8220;on|desktop&#8220; custom_padding=&#8220;0px||0px||false|false&#8220; global_colors_info=&#8220;{}&#8220;][et_pb_row _builder_version=&#8220;4.27.2&#8243; _module_preset=&#8220;default&#8220; global_colors_info=&#8220;{}&#8220;][et_pb_column type=&#8220;4_4&#8243; _builder_version=&#8220;4.27.2&#8243; _module_preset=&#8220;default&#8220; global_colors_info=&#8220;{}&#8220;][et_pb_divider color=&#8220;#000000&#8243; _builder_version=&#8220;4.27.2&#8243; _module_preset=&#8220;default&#8220; global_colors_info=&#8220;{}&#8220;][\/et_pb_divider][et_pb_text _builder_version=&#8220;4.27.2&#8243; _module_preset=&#8220;default&#8220; text_text_color=&#8220;#000000&#8243; text_font_size=&#8220;13px&#8220; text_orientation=&#8220;center&#8220; global_colors_info=&#8220;{}&#8220;]<\/p>\n<p><span>Copyright \u00a9\u00a0<\/span><span>2024\u00a0<\/span><a href=\"https:\/\/www.lsit.cz\/\">LSIT.cz<\/a><\/p>\n<p>[\/et_pb_text][\/et_pb_column][\/et_pb_row][\/et_pb_section]<\/p>\n","protected":false},"excerpt":{"rendered":"<p>SvatbySvatba by m\u011bla b\u00fdt jedn\u00edm z\u00a0nezapomenuteln\u00fdch dn\u016f na\u0161eho \u017eivota, kter\u00fd nemus\u00edte pro\u017e\u00edt jen tradi\u010dn\u00edm zp\u016fsobem. Hled\u00e1te-li netradi\u010dn\u00ed m\u00edsto pro uspo\u0159\u00e1d\u00e1n\u00ed va\u0161eho jedine\u010dn\u00e9ho slavnostn\u00edho dne, jste u\u00a0n\u00e1s spr\u00e1vn\u011b. Svatebn\u00ed den je pro v\u011bt\u0161inu lid\u00ed velk\u00fd okam\u017eik. Den, o\u00a0kter\u00fd se v\u00e1m r\u00e1di postar\u00e1me.Svatby u&nbsp;rybn\u00edka &nbsp; Svatba by m\u011bla b\u00fdt jedn\u00edm z\u00a0nezapomenuteln\u00fdch dn\u016f na\u0161eho \u017eivota, kter\u00fd nemus\u00edte [&hellip;]<\/p>\n","protected":false},"author":1,"featured_media":0,"parent":0,"menu_order":0,"comment_status":"closed","ping_status":"closed","template":"","meta":{"_et_pb_use_builder":"on","_et_pb_old_content":"","_et_gb_content_width":"","footnotes":""},"class_list":["post-133","page","type-page","status-publish","hentry"],"_links":{"self":[{"href":"https:\/\/penzionzak.cz\/index.php\/wp-json\/wp\/v2\/pages\/133","targetHints":{"allow":["GET"]}}],"collection":[{"href":"https:\/\/penzionzak.cz\/index.php\/wp-json\/wp\/v2\/pages"}],"about":[{"href":"https:\/\/penzionzak.cz\/index.php\/wp-json\/wp\/v2\/types\/page"}],"author":[{"embeddable":true,"href":"https:\/\/penzionzak.cz\/index.php\/wp-json\/wp\/v2\/users\/1"}],"replies":[{"embeddable":true,"href":"https:\/\/penzionzak.cz\/index.php\/wp-json\/wp\/v2\/comments?post=133"}],"version-history":[{"count":14,"href":"https:\/\/penzionzak.cz\/index.php\/wp-json\/wp\/v2\/pages\/133\/revisions"}],"predecessor-version":[{"id":310,"href":"https:\/\/penzionzak.cz\/index.php\/wp-json\/wp\/v2\/pages\/133\/revisions\/310"}],"wp:attachment":[{"href":"https:\/\/penzionzak.cz\/index.php\/wp-json\/wp\/v2\/media?parent=133"}],"curies":[{"name":"wp","href":"https:\/\/api.w.org\/{rel}","templated":true}]}}